{"id":23,"date":"2018-10-30T20:30:45","date_gmt":"2018-10-30T20:30:45","guid":{"rendered":"https:\/\/tescanet.com\/blog\/?page_id=23"},"modified":"2020-03-03T07:23:34","modified_gmt":"2020-03-03T12:23:34","slug":"blog","status":"publish","type":"page","link":"https:\/\/tescanet.com\/blog\/","title":{"rendered":"Publicaciones TESCANET"},"content":{"rendered":"\t\t<div data-elementor-type=\"wp-post\" data-elementor-id=\"23\" class=\"elementor elementor-23\">\n\t\t\t\t\t\t<section class=\"elementor-section elementor-top-section elementor-element elementor-element-4b38f64 elementor-section-boxed elementor-section-height-default elementor-section-height-default\" data-id=\"4b38f64\" data-element_type=\"section\">\n\t\t\t\t\t\t<div class=\"elementor-container elementor-column-gap-default\">\n\t\t\t\t\t<div class=\"elementor-column elementor-col-100 elementor-top-column elementor-element elementor-element-c08e9e7\" data-id=\"c08e9e7\" data-element_type=\"column\">\n\t\t\t<div class=\"elementor-widget-wrap elementor-element-populated\">\n\t\t\t\t\t\t<div class=\"elementor-element elementor-element-d76d00b elementor-widget elementor-widget-text-editor\" data-id=\"d76d00b\" data-element_type=\"widget\" data-widget_type=\"text-editor.default\">\n\t\t\t\t<div class=\"elementor-widget-container\">\n\t\t\t\t\t\t\t\t\t\r\n\t\t<div class=\"sp_wpspwpost_static wpspw-design-1 wpspw-grid-1 wpspw-clearfix \">\r\n\r\n\t\t\t\r\n<div class=\"wpspw-post-grid wpspw-medium-12 wpspw-columns \">\r\n\t<div class=\"wpspw-post-grid-content  \">\r\n\r\n\t\t\t\t\t<div class=\"wpspw-post-image-bg\">\r\n\t\t\t\t<a href=\"https:\/\/tescanet.com\/blog\/que-es-diseno-web-responsive-las-paginas-web-responsive\/\">\r\n\t\t\t\t\t<img decoding=\"async\" src=\"https:\/\/tescanet.com\/blog\/wp-content\/uploads\/2019\/12\/pagina-web.jpg\" alt=\"\u00bfQu\u00e9 es dise\u00f1o web responsive?, las p\u00e1ginas web responsive\" \/>\r\n\t\t\t\t<\/a>\r\n\t\t\t<\/div>\r\n\t\t\t\t\t<div class=\"wpspw-post-categories\"><a href=\"https:\/\/tescanet.com\/blog\/category\/diseno-y-desarrollo-web\/\">Dise\u00f1o y desarrollo web<\/a> <a href=\"https:\/\/tescanet.com\/blog\/category\/internet\/\">Internet<\/a> <a href=\"https:\/\/tescanet.com\/blog\/category\/tecnologias-web\/\">Tecnolog\u00edas web<\/a><\/div>\r\n\t\t\r\n\t\t<h2 class=\"wpspw-post-title\">\r\n\t\t\t<a href=\"https:\/\/tescanet.com\/blog\/que-es-diseno-web-responsive-las-paginas-web-responsive\/\">\u00bfQu\u00e9 es dise\u00f1o web responsive?, las p\u00e1ginas web responsive<\/a>\r\n\t\t<\/h2>\r\n\r\n\t\t\t\t\t<div class=\"wpspw-post-date\">\r\n\t\t\t\t\t\t\t\t\t<span>\r\n\t\t\t\t\t\tBy <a href=\"https:\/\/tescanet.com\/blog\/author\/jhon\/\">TESCANET<\/a>\r\n\t\t\t\t\t<\/span>\r\n\t\t\t\t&nbsp;\/&nbsp;16 diciembre, 2019\t\t\t<\/div>\r\n\t\t\t\t\t<div class=\"wpspw-post-content\">\r\n\t\t\t\t\t\t\t\t\t<div>\r\n\t\t\t\t\t\tUna p\u00e1gina web responsive es aquella dise\u00f1ada de tal forma que sus elementos puedan ordenarse y redimencionarse seg\u00fan el tama\u00f1o&#8230;\t\t\t\t\t<\/div>\r\n\t\t\t\t\t<a class=\"wpspw-readmorebtn\" href=\"https:\/\/tescanet.com\/blog\/que-es-diseno-web-responsive-las-paginas-web-responsive\/\">Read More<\/a>\r\n\t\t\t\t\t\t\t<\/div>\r\n\t\t\t\t\t<div class=\"wpswp-post-tags\">Tags: <a href=\"https:\/\/tescanet.com\/blog\/tag\/diseno-web\/\" rel=\"tag\">dise\u00f1o web<\/a><\/div>\r\n\t\t\t<\/div>\r\n<\/div>\r\n<div class=\"wpspw-post-grid wpspw-medium-12 wpspw-columns \">\r\n\t<div class=\"wpspw-post-grid-content  \">\r\n\r\n\t\t\t\t\t<div class=\"wpspw-post-image-bg\">\r\n\t\t\t\t<a href=\"https:\/\/tescanet.com\/blog\/que-es-un-hosting-como-funciona-para-que-sirve\/\">\r\n\t\t\t\t\t<img decoding=\"async\" src=\"https:\/\/tescanet.com\/blog\/wp-content\/uploads\/2019\/01\/tescanet.jpg\" alt=\"\u00bfQu\u00e9 es un hosting? \u00bfC\u00f3mo funciona? \u00bfPara qu\u00e9 sirve?\" \/>\r\n\t\t\t\t<\/a>\r\n\t\t\t<\/div>\r\n\t\t\t\t\t<div class=\"wpspw-post-categories\"><a href=\"https:\/\/tescanet.com\/blog\/category\/internet\/\">Internet<\/a><\/div>\r\n\t\t\r\n\t\t<h2 class=\"wpspw-post-title\">\r\n\t\t\t<a href=\"https:\/\/tescanet.com\/blog\/que-es-un-hosting-como-funciona-para-que-sirve\/\">\u00bfQu\u00e9 es un hosting? \u00bfC\u00f3mo funciona? \u00bfPara qu\u00e9 sirve?<\/a>\r\n\t\t<\/h2>\r\n\r\n\t\t\t\t\t<div class=\"wpspw-post-date\">\r\n\t\t\t\t\t\t\t\t\t<span>\r\n\t\t\t\t\t\tBy <a href=\"https:\/\/tescanet.com\/blog\/author\/jhon\/\">TESCANET<\/a>\r\n\t\t\t\t\t<\/span>\r\n\t\t\t\t&nbsp;\/&nbsp;28 enero, 2019\t\t\t<\/div>\r\n\t\t\t\t\t<div class=\"wpspw-post-content\">\r\n\t\t\t\t\t\t\t\t\t<div>\r\n\t\t\t\t\t\tEn este post te contaremos qu\u00e9 es un hosting y todo lo referente a \u00e9l, como utilidad, funcionamiento, tipos, etc&#8230;.\t\t\t\t\t<\/div>\r\n\t\t\t\t\t<a class=\"wpspw-readmorebtn\" href=\"https:\/\/tescanet.com\/blog\/que-es-un-hosting-como-funciona-para-que-sirve\/\">Read More<\/a>\r\n\t\t\t\t\t\t\t<\/div>\r\n\t\t\t\t\t<div class=\"wpswp-post-tags\">Tags: <a href=\"https:\/\/tescanet.com\/blog\/tag\/dns\/\" rel=\"tag\">dns<\/a>, <a href=\"https:\/\/tescanet.com\/blog\/tag\/dominio\/\" rel=\"tag\">dominio<\/a>, <a href=\"https:\/\/tescanet.com\/blog\/tag\/hosting\/\" rel=\"tag\">hosting<\/a>, <a href=\"https:\/\/tescanet.com\/blog\/tag\/importancia\/\" rel=\"tag\">importancia<\/a>, <a href=\"https:\/\/tescanet.com\/blog\/tag\/que-es\/\" rel=\"tag\">qu\u00e9 es<\/a>, <a href=\"https:\/\/tescanet.com\/blog\/tag\/web\/\" rel=\"tag\">web<\/a>, <a href=\"https:\/\/tescanet.com\/blog\/tag\/www\/\" rel=\"tag\">www<\/a><\/div>\r\n\t\t\t\t\t<div class=\"wpswp-post-comments\">\r\n\t\t\t\t<a href=\"https:\/\/tescanet.com\/blog\/que-es-un-hosting-como-funciona-para-que-sirve\/\/#comments\">1 Reply<\/a>\r\n\t\t\t<\/div>\r\n\t\t\t<\/div>\r\n<\/div>\r\n<div class=\"wpspw-post-grid wpspw-medium-12 wpspw-columns \">\r\n\t<div class=\"wpspw-post-grid-content  \">\r\n\r\n\t\t\t\t\t<div class=\"wpspw-post-image-bg\">\r\n\t\t\t\t<a href=\"https:\/\/tescanet.com\/blog\/que-es-un-dominio-en-internet-para-que-sirve-como-funciona\/\">\r\n\t\t\t\t\t<img decoding=\"async\" src=\"https:\/\/tescanet.com\/blog\/wp-content\/uploads\/2019\/01\/dominios_nombres.jpg\" alt=\"\u00bfQu\u00e9 es un dominio en internet? \u00bfPara qu\u00e9 sirve? \u00bfC\u00f3mo funciona?\" \/>\r\n\t\t\t\t<\/a>\r\n\t\t\t<\/div>\r\n\t\t\t\t\t<div class=\"wpspw-post-categories\"><a href=\"https:\/\/tescanet.com\/blog\/category\/internet\/\">Internet<\/a><\/div>\r\n\t\t\r\n\t\t<h2 class=\"wpspw-post-title\">\r\n\t\t\t<a href=\"https:\/\/tescanet.com\/blog\/que-es-un-dominio-en-internet-para-que-sirve-como-funciona\/\">\u00bfQu\u00e9 es un dominio en internet? \u00bfPara qu\u00e9 sirve? \u00bfC\u00f3mo funciona?<\/a>\r\n\t\t<\/h2>\r\n\r\n\t\t\t\t\t<div class=\"wpspw-post-date\">\r\n\t\t\t\t\t\t\t\t\t<span>\r\n\t\t\t\t\t\tBy <a href=\"https:\/\/tescanet.com\/blog\/author\/jhon\/\">TESCANET<\/a>\r\n\t\t\t\t\t<\/span>\r\n\t\t\t\t&nbsp;\/&nbsp;4 enero, 2019\t\t\t<\/div>\r\n\t\t\t\t\t<div class=\"wpspw-post-content\">\r\n\t\t\t\t\t\t\t\t\t<div>\r\n\t\t\t\t\t\tUn dominio seg\u00fan RAE es: \u00abParte de una direcci\u00f3n de Internet que identifica un sitio web y que describe el&#8230;\t\t\t\t\t<\/div>\r\n\t\t\t\t\t<a class=\"wpspw-readmorebtn\" href=\"https:\/\/tescanet.com\/blog\/que-es-un-dominio-en-internet-para-que-sirve-como-funciona\/\">Read More<\/a>\r\n\t\t\t\t\t\t\t<\/div>\r\n\t\t\t\t\t<div class=\"wpswp-post-tags\">Tags: <a href=\"https:\/\/tescanet.com\/blog\/tag\/dns\/\" rel=\"tag\">dns<\/a>, <a href=\"https:\/\/tescanet.com\/blog\/tag\/dominio\/\" rel=\"tag\">dominio<\/a>, <a href=\"https:\/\/tescanet.com\/blog\/tag\/hosting\/\" rel=\"tag\">hosting<\/a>, <a href=\"https:\/\/tescanet.com\/blog\/tag\/importancia\/\" rel=\"tag\">importancia<\/a>, <a href=\"https:\/\/tescanet.com\/blog\/tag\/subdominio\/\" rel=\"tag\">subdominio<\/a>, <a href=\"https:\/\/tescanet.com\/blog\/tag\/web\/\" rel=\"tag\">web<\/a>, <a href=\"https:\/\/tescanet.com\/blog\/tag\/www\/\" rel=\"tag\">www<\/a><\/div>\r\n\t\t\t\t\t<div class=\"wpswp-post-comments\">\r\n\t\t\t\t<a href=\"https:\/\/tescanet.com\/blog\/que-es-un-dominio-en-internet-para-que-sirve-como-funciona\/\/#comments\">2 Replies<\/a>\r\n\t\t\t<\/div>\r\n\t\t\t<\/div>\r\n<\/div>\r\n\t\t\t\t\t<\/div>\r\n\r\n\t\t\t\t\t\t\t\t\t<\/div>\n\t\t\t\t<\/div>\n\t\t\t\t\t<\/div>\n\t\t<\/div>\n\t\t\t\t\t<\/div>\n\t\t<\/section>\n\t\t\t\t<\/div>\n\t\t","protected":false},"excerpt":{"rendered":"","protected":false},"author":1,"featured_media":0,"parent":0,"menu_order":0,"comment_status":"closed","ping_status":"closed","template":"","meta":{"footnotes":""},"class_list":["post-23","page","type-page","status-publish","hentry"],"yoast_head":"<!-- This site is optimized with the Yoast SEO plugin v24.9 - https:\/\/yoast.com\/wordpress\/plugins\/seo\/ -->\n<title>Blog - Publicaciones sobre dise\u00f1o de p\u00e1ginas web - TESCANET<\/title>\n<meta name=\"description\" content=\"Blog sobre dise\u00f1o y desarrollo de p\u00e1ginas web y todas las tecnolog\u00edas que intervienen en el proceso de creaci\u00f3n de un sitio web y mucho m\u00e1s.\" \/>\n<meta name=\"robots\" content=\"index, follow, max-snippet:-1, max-image-preview:large, max-video-preview:-1\" \/>\n<link rel=\"canonical\" href=\"https:\/\/tescanet.com\/blog\/\" \/>\n<meta property=\"og:locale\" content=\"es_ES\" \/>\n<meta property=\"og:type\" content=\"article\" \/>\n<meta property=\"og:title\" content=\"Blog - Publicaciones sobre dise\u00f1o de p\u00e1ginas web - TESCANET\" \/>\n<meta property=\"og:description\" content=\"Blog sobre dise\u00f1o y desarrollo de p\u00e1ginas web y todas las tecnolog\u00edas que intervienen en el proceso de creaci\u00f3n de un sitio web y mucho m\u00e1s.\" \/>\n<meta property=\"og:url\" content=\"https:\/\/tescanet.com\/blog\/\" \/>\n<meta property=\"og:site_name\" content=\"BLOG - TESCANET\" \/>\n<meta property=\"article:modified_time\" content=\"2020-03-03T12:23:34+00:00\" \/>\n<meta name=\"twitter:card\" content=\"summary_large_image\" \/>\n<script type=\"application\/ld+json\" class=\"yoast-schema-graph\">{\"@context\":\"https:\/\/schema.org\",\"@graph\":[{\"@type\":\"WebPage\",\"@id\":\"https:\/\/tescanet.com\/blog\/\",\"url\":\"https:\/\/tescanet.com\/blog\/\",\"name\":\"Blog - Publicaciones sobre dise\u00f1o de p\u00e1ginas web - TESCANET\",\"isPartOf\":{\"@id\":\"https:\/\/tescanet.com\/blog\/#website\"},\"datePublished\":\"2018-10-30T20:30:45+00:00\",\"dateModified\":\"2020-03-03T12:23:34+00:00\",\"description\":\"Blog sobre dise\u00f1o y desarrollo de p\u00e1ginas web y todas las tecnolog\u00edas que intervienen en el proceso de creaci\u00f3n de un sitio web y mucho m\u00e1s.\",\"breadcrumb\":{\"@id\":\"https:\/\/tescanet.com\/blog\/#breadcrumb\"},\"inLanguage\":\"es\",\"potentialAction\":[{\"@type\":\"ReadAction\",\"target\":[\"https:\/\/tescanet.com\/blog\/\"]}]},{\"@type\":\"BreadcrumbList\",\"@id\":\"https:\/\/tescanet.com\/blog\/#breadcrumb\",\"itemListElement\":[{\"@type\":\"ListItem\",\"position\":1,\"name\":\"Portada\",\"item\":\"https:\/\/tescanet.com\/blog\/\"},{\"@type\":\"ListItem\",\"position\":2,\"name\":\"Publicaciones TESCANET\"}]},{\"@type\":\"WebSite\",\"@id\":\"https:\/\/tescanet.com\/blog\/#website\",\"url\":\"https:\/\/tescanet.com\/blog\/\",\"name\":\"BLOG - TESCANET\",\"description\":\"Noticias y actualidad sobre el dise\u00f1o web y m\u00e1s\",\"potentialAction\":[{\"@type\":\"SearchAction\",\"target\":{\"@type\":\"EntryPoint\",\"urlTemplate\":\"https:\/\/tescanet.com\/blog\/?s={search_term_string}\"},\"query-input\":{\"@type\":\"PropertyValueSpecification\",\"valueRequired\":true,\"valueName\":\"search_term_string\"}}],\"inLanguage\":\"es\"}]}<\/script>\n<!-- \/ Yoast SEO plugin. -->","yoast_head_json":{"title":"Blog - Publicaciones sobre dise\u00f1o de p\u00e1ginas web - TESCANET","description":"Blog sobre dise\u00f1o y desarrollo de p\u00e1ginas web y todas las tecnolog\u00edas que intervienen en el proceso de creaci\u00f3n de un sitio web y mucho m\u00e1s.","robots":{"index":"index","follow":"follow","max-snippet":"max-snippet:-1","max-image-preview":"max-image-preview:large","max-video-preview":"max-video-preview:-1"},"canonical":"https:\/\/tescanet.com\/blog\/","og_locale":"es_ES","og_type":"article","og_title":"Blog - Publicaciones sobre dise\u00f1o de p\u00e1ginas web - TESCANET","og_description":"Blog sobre dise\u00f1o y desarrollo de p\u00e1ginas web y todas las tecnolog\u00edas que intervienen en el proceso de creaci\u00f3n de un sitio web y mucho m\u00e1s.","og_url":"https:\/\/tescanet.com\/blog\/","og_site_name":"BLOG - TESCANET","article_modified_time":"2020-03-03T12:23:34+00:00","twitter_card":"summary_large_image","schema":{"@context":"https:\/\/schema.org","@graph":[{"@type":"WebPage","@id":"https:\/\/tescanet.com\/blog\/","url":"https:\/\/tescanet.com\/blog\/","name":"Blog - Publicaciones sobre dise\u00f1o de p\u00e1ginas web - TESCANET","isPartOf":{"@id":"https:\/\/tescanet.com\/blog\/#website"},"datePublished":"2018-10-30T20:30:45+00:00","dateModified":"2020-03-03T12:23:34+00:00","description":"Blog sobre dise\u00f1o y desarrollo de p\u00e1ginas web y todas las tecnolog\u00edas que intervienen en el proceso de creaci\u00f3n de un sitio web y mucho m\u00e1s.","breadcrumb":{"@id":"https:\/\/tescanet.com\/blog\/#breadcrumb"},"inLanguage":"es","potentialAction":[{"@type":"ReadAction","target":["https:\/\/tescanet.com\/blog\/"]}]},{"@type":"BreadcrumbList","@id":"https:\/\/tescanet.com\/blog\/#breadcrumb","itemListElement":[{"@type":"ListItem","position":1,"name":"Portada","item":"https:\/\/tescanet.com\/blog\/"},{"@type":"ListItem","position":2,"name":"Publicaciones TESCANET"}]},{"@type":"WebSite","@id":"https:\/\/tescanet.com\/blog\/#website","url":"https:\/\/tescanet.com\/blog\/","name":"BLOG - TESCANET","description":"Noticias y actualidad sobre el dise\u00f1o web y m\u00e1s","potentialAction":[{"@type":"SearchAction","target":{"@type":"EntryPoint","urlTemplate":"https:\/\/tescanet.com\/blog\/?s={search_term_string}"},"query-input":{"@type":"PropertyValueSpecification","valueRequired":true,"valueName":"search_term_string"}}],"inLanguage":"es"}]}},"_links":{"self":[{"href":"https:\/\/tescanet.com\/blog\/wp-json\/wp\/v2\/pages\/23","targetHints":{"allow":["GET"]}}],"collection":[{"href":"https:\/\/tescanet.com\/blog\/wp-json\/wp\/v2\/pages"}],"about":[{"href":"https:\/\/tescanet.com\/blog\/wp-json\/wp\/v2\/types\/page"}],"author":[{"embeddable":true,"href":"https:\/\/tescanet.com\/blog\/wp-json\/wp\/v2\/users\/1"}],"replies":[{"embeddable":true,"href":"https:\/\/tescanet.com\/blog\/wp-json\/wp\/v2\/comments?post=23"}],"version-history":[{"count":10,"href":"https:\/\/tescanet.com\/blog\/wp-json\/wp\/v2\/pages\/23\/revisions"}],"predecessor-version":[{"id":222,"href":"https:\/\/tescanet.com\/blog\/wp-json\/wp\/v2\/pages\/23\/revisions\/222"}],"wp:attachment":[{"href":"https:\/\/tescanet.com\/blog\/wp-json\/wp\/v2\/media?parent=23"}],"curies":[{"name":"wp","href":"https:\/\/api.w.org\/{rel}","templated":true}]}}